{"id":270,"date":"2024-07-15T18:26:35","date_gmt":"2024-07-15T16:26:35","guid":{"rendered":"https:\/\/westlocason.fr\/?page_id=270"},"modified":"2024-07-15T18:29:26","modified_gmt":"2024-07-15T16:29:26","slug":"conditions-dutilisation-et-cgv","status":"publish","type":"page","link":"https:\/\/djvincent.westlocason.com\/index.php\/conditions-dutilisation-et-cgv\/","title":{"rendered":"Conditions d\u2019utilisation et CGV"},"content":{"rendered":"\t\t<div data-elementor-type=\"wp-page\" data-elementor-id=\"270\" class=\"elementor elementor-270\">\n\t\t\t\t<div class=\"elementor-element elementor-element-b09f821 e-flex e-con-boxed e-con e-parent\" data-id=\"b09f821\" data-element_type=\"container\" data-e-type=\"container\">\n\t\t\t\t\t<div class=\"e-con-inner\">\n\t\t\t\t<div class=\"elementor-element elementor-element-81ffc44 elementor-widget elementor-widget-text-editor\" data-id=\"81ffc44\" data-element_type=\"widget\" data-e-type=\"widget\" data-widget_type=\"text-editor.default\">\n\t\t\t\t<div class=\"elementor-widget-container\">\n\t\t\t\t\t\t\t\t\t<h1>Conditions g\u00e9n\u00e9rales de vente<\/h1><div>Sommaire<\/div><ul class=\"sommaire\"><li><a href=\"https:\/\/www.e44.com\/cgv.html#a1\">G\u00e9n\u00e9ralit\u00e9s<\/a><\/li><li><a href=\"https:\/\/www.e44.com\/cgv.html#a2\">Commandes<\/a><\/li><li><a href=\"https:\/\/www.e44.com\/cgv.html#a3\">D\u00e9lais et mode de livraison<\/a><\/li><li><a href=\"https:\/\/www.e44.com\/cgv.html#a4\">Prix de vente<\/a><\/li><li><a href=\"https:\/\/www.e44.com\/cgv.html#a5\">Frais d&rsquo;exp\u00e9dition<\/a><\/li><li><a href=\"https:\/\/www.e44.com\/cgv.html#a6\">Modalit\u00e9s de r\u00e8glement<\/a><\/li><li><a href=\"https:\/\/www.e44.com\/cgv.html#a7\">R\u00e8clamations &#8211; retour de marchandises<\/a><\/li><li><a href=\"https:\/\/www.e44.com\/cgv.html#a8\">Droit de r\u00e9tractation<\/a><\/li><li><a href=\"https:\/\/www.e44.com\/cgv.html#a9\">Garantie &#8211; sav<\/a><\/li><li><a href=\"https:\/\/www.e44.com\/cgv.html#a10\">Clause de r\u00e9serve de propri\u00e9t\u00e9<\/a><\/li><li><a href=\"https:\/\/www.e44.com\/cgv.html#a11\">Confidentialit\u00e9 des informations<\/a><\/li><li><a href=\"https:\/\/www.e44.com\/cgv.html#a12\">Juridiction<\/a><\/li><\/ul><p>EXXXXXXXXXX<\/p><p>Exxxxxxxxxx SAS &#8211; BP 18805 &#8211; 15 Bd Pdt Ren\u00e9 Coty &#8211; 44188 NANTES cedex 4 &#8211; FRANCE. T\u00e9l: 02 51 80 73 73 &#8211; Fax: 02 51 80 73 72 &#8211; Internet: www.e44.com &#8211; Ouvert du mardi au samedi. Immatricul\u00e9e au R.C.S. de Nantes (FR) &#8211; Siret 394.234.843.00024 &#8211; Naf 4652Z &#8211; S.A.R.L au capital de 160 666 EUR.<\/p><h2><a name=\"a1\"><\/a>1. GENERALITES<\/h2><p>Toute commande implique l\u2019adh\u00e9sion sans r\u00e9serve du client \u00e0 nos conditions g\u00e9n\u00e9rales de vente ci-dessous \u00e9nonc\u00e9es. Ces conditions pr\u00e9valent sur les conditions g\u00e9n\u00e9rales d\u2019achat du client, sauf d\u00e9rogation \u00e9crite de notre part. Les informations figurant sur ce site peuvent \u00eatre modifi\u00e9es sans pr\u00e9avis.<\/p><h2><a name=\"a2\"><\/a>2. COMMANDES<\/h2><p>Le client d\u00e9sirant passer commande devra fournir toutes les informations n\u00e9cessaires au traitement et \u00e0 l\u2019exp\u00e9dition de sa commande, notamment ses noms, adresse postale et \u00e9lectronique, num\u00e9ro de t\u00e9l\u00e9phone. Apr\u00e8s validation de sa commande, un num\u00e9ro de commande sera communiqu\u00e9 au client. La commande du client est enregistr\u00e9e apr\u00e8s r\u00e9ception de son r\u00e8glement ; les commandes peuvent \u00eatre adress\u00e9es \u00e0 E44 ELECTRONIQUE par courrier, fax, internet, t\u00e9l\u00e9phone. Les commandes provenant des administrations et de l\u2019enseignement seront accept\u00e9es contre remise d\u2019un bon de commande original.<\/p><h2><a name=\"a3\"><\/a>3. DELAIS ET MODE DE LIVRAISON<\/h2><p>Le d\u00e9lai moyen de traitement de la commande est d\u2019environ 48 heures (jours ouvr\u00e9s). En fonction du mode de transport (standard, So Colissimo, Chronopost, transporteur priv\u00e9), le d\u00e9lai de livraison varie de 24 \u00e0 72 heures. Les retards \u00e9ventuels ne donnent pas le droit au client d&rsquo;annuler la vente, de refuser la marchandise, ou de r\u00e9clamer des dommages et int\u00e9r\u00eats. En cas de rupture de stock, les reliquats de commande seront exp\u00e9di\u00e9s d\u00e8s disponibilit\u00e9 dans un d\u00e9lai maximum de 12 semaines, franco de port. Pour des raisons de l\u00e9gislation et de s\u00e9curit\u00e9, certains articles de notre catalogue sont disponibles uniquement en magasin (a\u00e9rosols, tubes n\u00e9on, perchlorure, persulfate, r\u00e9v\u00e9lateurs&#8230;). L\u2019exp\u00e9dition des marchandises s\u2019effectue aux risques et p\u00e9rils du client, quel que soit le mode de transport. En cas d&rsquo;avaries, de vol, de perte totale ou partielle, il appartient au client de faire toutes r\u00e9serves aupr\u00e8s du transporteur sur le bon de transport, de lui signifier par recommand\u00e9 avec accus\u00e9 de r\u00e9ception sous 48 heures le d\u00e9tail du pr\u00e9judice et son montant et d&rsquo;exercer tous recours n\u00e9cessaires. En cas de gr\u00e8ve des transports ou autre cas de force majeure, notre soci\u00e9t\u00e9 est d\u00e9gag\u00e9e de toute responsabilit\u00e9 concernant les retards de livraison \u00e9ventuels. En cas de retrait de sa commande \u00e0 notre magasin, le client dispose d\u2019un d\u00e9lai de 2 mois maximum pour retirer la marchandise.<\/p><h2><a name=\"a4\"><\/a>4. PRIX DE VENTE<\/h2><p>Nos marchandises sont factur\u00e9es sur la base des tarifs en vigueur au jour de l\u2019enregistement de la commande, sous r\u00e9serve d\u2019erreur typographique, lesquels tarifs peuvent \u00eatre modifi\u00e9s \u00e0 tout moment et sans pr\u00e9avis, ainsi que les taxes, notamment en raison des modifications de parit\u00e9 mon\u00e9taire, difficult\u00e9s d\u2019approvisionnement ou modification tarifaire de nos fournisseurs. Ils ne nous engagent qu\u2019apr\u00e8s acceptation de la commande par le client . Sauf sp\u00e9cification explicite \u201cmontants hors-taxes\u201d, les prix indiqu\u00e9s s&rsquo;entendent Toutes Taxes Comprises. La TVA applicable est au taux en vigueur sur le territoire fran\u00e7ais au moment de la livraison effective des produits, de m\u00eame pour les taxes ou contributions environnementales. Pour l\u2019Europe, la T.V.A. reste applicable \u00e0 tout acheteur, sauf aux soci\u00e9t\u00e9s et sur pr\u00e9sentation d\u2019un num\u00e9ro de T.V.A. Intracommunautaire.<\/p><h2><a name=\"a5\"><\/a>5. FRAIS D&rsquo;EXPEDITION<\/h2><p>Le montant des frais d&rsquo;exp\u00e9dition est pr\u00e9cis\u00e9 \u00e0 la saisie du devis ou de la commande. Pour les exp\u00e9ditions \u00e0 l&rsquo;\u00e9tranger, nous consulter au pr\u00e9alable.<\/p><h2><a name=\"a6\"><\/a>6. MODALITES DE REGLEMENT<\/h2><p>Le r\u00e8glement s\u2019effectue \u00e0 la commande, &#8211; par ch\u00e8que bancaire ou postal \u00e0 l\u2019ordre de E44 Electronique, auquel le client joindra sa commande \u00e0 l\u2019adresse suivante: E44 ELECTRONIQUE S.A.S &#8211; 15 boulevard Ren\u00e9 Coty &#8211; BP 18805 &#8211; 44188 NANTES CEDEX 4 &#8211; par carte bancaire : le compte du client est d\u00e9bit\u00e9 au moment de l\u2019exp\u00e9dition de sa commande ou de la prise du mat\u00e9riel en magasin. Sur internet : le client pourra indiquer en toute s\u00e9curit\u00e9 le type de carte, le num\u00e9ro de la carte, la date d\u2019expiration, le nom du porteur ainsi que les 3 derniers chiffres du cryptogramme figurant au dos de la carte, gr\u00e2ce au protocole de s\u00e9curisation SSL. La transmission des coordonn\u00e9es de carte bancaire sur notre site internet est s\u00e9curis\u00e9e. &#8211; par virement bancaire : Nos coordonn\u00e9es bancaires sont communiqu\u00e9es au client dans le mail de confirmation de commande. Pour les soci\u00e9t\u00e9s en compte (sous r\u00e9serve d\u2019acceptation de nos conditions d\u2019ouverture de compte de la part de notre service comptable), ainsi que les administrations et l\u2019enseignement : &gt; paiement \u00e0 la date d\u2019\u00e9ch\u00e9ance pr\u00e9vue dans nos conditions d\u2019ouverture de compte &gt; paiement \u00e0 la commande par ch\u00e8que, carte bancaire ou virement pour tout client ayant d\u00e9pass\u00e9 l\u2019encours maximum. &gt; le minimum de facturation est de 15 \u20ac HT. Toute facture mensuelle inf\u00e9rieure \u00e0 50,00 \u20ac HT sera payable \u00e0 r\u00e9ception sans escompte et major\u00e9e de frais administratifs forfaitaires de 5 \u20ac HT. L\u2019ouverture et le maintien d\u2019un compte est subordonn\u00e9e \u00e0 : l\u2019acceptation, par le client, de nos conditions g\u00e9n\u00e9rales de vente et conditions d\u2019ouverture de compte par retour d\u2019un exemplaire de chaque, sign\u00e9 et portant la mention \u201cbon pour accord\u201d.<\/p><h2><a name=\"a7\"><\/a>7. RECLAMATIONS &#8211; RETOUR DE MARCHANDISES<\/h2><p>A la r\u00e9ception des marchandises, le client doit imp\u00e9rativement v\u00e9rifier leur \u00e9tat. Au del\u00e0 du d\u00e9lai l\u00e9gal de r\u00e9tractation de 14 jours francs, aucun retour de marchandise ne sera accept\u00e9 sans notre accord pr\u00e9alable. En cas de retour, nous donnerons alors un num\u00e9ro \u00e0 inscrire sur l\u2019ext\u00e9rieur du colis. Le mat\u00e9riel devra \u00eatre retourn\u00e9 dans son emballage d\u2019origine, accompagn\u00e9 de la facture et d\u2019un courrier pr\u00e9cisant le motif du renvoi. Sauf erreur de livraison de notre part, les frais de retour seront \u00e0 la charge du client (les retours en port d\u00fb ou contre-remboursement seront refus\u00e9s). Toutefois les articles suivants : composants \u00e9lectroniques, lampes, c\u00e2bles au m\u00e8tre, consommables, pi\u00e8ces d\u00e9tach\u00e9es, ne sont ni repris ni \u00e9chang\u00e9s. E44 ELECTRONIQUE ne peut \u00eatre tenu responsable en cas d\u2019impossibilit\u00e9 d\u2019utiliser le produit vendu pour des raisons d\u2019incompatibilit\u00e9 avec le mat\u00e9riel poss\u00e9d\u00e9 par le client. De ce fait E44 ELECTRONIQUE ne pourra reprendre le mat\u00e9riel ou d\u00e9dommager le client.<\/p><h2><a name=\"a8\"><\/a>8. DROIT DE RETRACTATION<\/h2><p>Le client dispose d\u2019un d\u00e9lai l\u00e9gal de 14 jours francs pour faire valoir son droit de r\u00e9tractation et nous retourner les produits re\u00e7us. Le mat\u00e9riel devra \u00eatre retourn\u00e9, en parfait \u00e9tat, dans son emballage d\u2019origine, accompagn\u00e9 de la facture. Les frais de retour seront \u00e0 la charge du client (les retours en port d\u00fb ou contre-remboursement seront refus\u00e9s). Le client sera alors rembours\u00e9 du montant de sa commande dans un d\u00e9lai de 30 jours.<\/p><h2><a name=\"a9\"><\/a>9. GARANTIE &#8211; SAV<\/h2><p>La garantie est exclusivement limit\u00e9e au remplacement ou \u00e0 la r\u00e9paration du produit reconnu d\u00e9fectueux par nous, suivant la garantie du fabricant ou de l\u2019importateur. Les d\u00e9fauts et d\u00e9t\u00e9rioration provoqu\u00e9s par l\u2019usure naturelle, par un montage erron\u00e9, une surtension, un entretien d\u00e9fectueux, une utilisation anormale,etc&#8230; sont exclus de la garantie. Aucune allocation de dommages et int\u00e9r\u00eats ne pourra nous \u00eatre r\u00e9clam\u00e9e. En aucun cas, notre soci\u00e9t\u00e9 ne pourra \u00eatre tenue responsable des dommages corporels ou mat\u00e9riels de quelque nature qu&rsquo;ils soient qui pourraient \u00eatre la cons\u00e9quence directe ou indirecte d&rsquo;une mauvaise utilisation du produit. Le client s\u2019engage \u00e0 ne pas faire effectuer ou effectuer lui-m\u00eame des r\u00e9parations ou interventions sur les \u00e9quipements garantis, par un tiers ou un service technique autre que celui de E44 Electronique pendant toute la dur\u00e9e de la garantie. Toute intervention technique ferait perdre au client le b\u00e9n\u00e9fice de sa garantie.<\/p><h2><a name=\"a10\"><\/a>10. CLAUSE DE RESERVE DE PROPRIETE<\/h2><p>Nous nous r\u00e9servons la propri\u00e9t\u00e9 des marchandises livr\u00e9es \u00e0 notre client\u00e8le jusqu&rsquo;\u00e0 leur r\u00e8glement int\u00e9gral en principal et accessoires. Dans le cas de tout d\u00e9faut de r\u00e8glement des sommes dues, une p\u00e9nalit\u00e9 calcul\u00e9e au taux de 1,5% par mois de retard sera appliqu\u00e9e. Nous nous r\u00e9servons le droit de suspendre, avec ou sans pr\u00e9avis, toutes livraisons au client jusqu&rsquo;\u00e0 ce que ce dernier ait r\u00e9gularis\u00e9 sa situation. La vente sera alors r\u00e9sili\u00e9e de plein droit si bon nous semble, avec restitution des produits livr\u00e9s, sans pr\u00e9judice de tous autres dommages et int\u00e9r\u00eats. Le client supportera tous les frais engag\u00e9s par nous pour le recouvrement des sommes dues. Nous nous r\u00e9servons le droit de fermer un compte \u00e0 tout moment, pour tout motif, notamment pour tout d\u00e9faut de retour de traites accept\u00e9es dans les d\u00e9lais requis, d\u00e9passement de l\u2019encours maximum autoris\u00e9, chiffre d\u2019affaire moyen mensuel insuffisant, ou modification de la situation financi\u00e8re ou juridique du client.<\/p><h2><a name=\"a11\"><\/a>11. CONFIDENTIALITE DES INFORMATIONS<\/h2><p>Les donn\u00e9es nominatives fournies par le client n\u00e9cessaires \u00e0 l\u2019enregistrement de sa fiche client sur notre site internet ne sont pas diffus\u00e9es \u00e0 des tiers. Conform\u00e9ment \u00e0 la loi relative \u00e0 l\u2019informatique et libert\u00e9s du 6 janvier 1978, modifi\u00e9e le 6 ao\u00fbt 2004, le client dispose \u00e0 tout moment d\u2019un droit d\u2019acc\u00e8s, de rectification ou suppression des donn\u00e9es fournies. Pour cela, il suffit de nous contacter par t\u00e9l\u00e9phone, courrier ou internet.<\/p><h2><a name=\"a12\"><\/a>12. JURIDICTION<\/h2><p>Le Tribunal de Commerce de Nantes sera seul comp\u00e9tent en cas de litige li\u00e9 \u00e0 l\u2019ex\u00e9cution d\u2019une commande, au cas o\u00f9 aucune solution \u00e0 l\u2019amiable ne pourrait \u00eatre trouv\u00e9e. Nous nous r\u00e9servons toutefois le droit, si besoin est, de porter le litige devant la juridiction du domicile du client.<\/p><p>Edition du 15 mai 2024.<\/p>\t\t\t\t\t\t\t\t<\/div>\n\t\t\t\t<\/div>\n\t\t\t\t\t<\/div>\n\t\t\t\t<\/div>\n\t\t\t\t<\/div>\n\t\t","protected":false},"excerpt":{"rendered":"<p>Conditions g\u00e9n\u00e9rales de vente Sommaire G\u00e9n\u00e9ralit\u00e9s Commandes D\u00e9lais et mode de livraison Prix de vente Frais d&rsquo;exp\u00e9dition Modalit\u00e9s de r\u00e8glement R\u00e8clamations &#8211; retour de marchandises Droit de r\u00e9tractation Garantie &#8211; sav Clause de r\u00e9serve de propri\u00e9t\u00e9 Confidentialit\u00e9 des informations Juridiction EXXXXXXXXXX Exxxxxxxxxx SAS &#8211; BP 18805 &#8211; 15 Bd Pdt Ren\u00e9 Coty &#8211; 44188 NANTES [&hellip;]<\/p>\n","protected":false},"author":1,"featured_media":0,"parent":0,"menu_order":0,"comment_status":"closed","ping_status":"closed","template":"","meta":{"footnotes":""},"class_list":["post-270","page","type-page","status-publish","hentry"],"_links":{"self":[{"href":"https:\/\/djvincent.westlocason.com\/index.php\/wp-json\/wp\/v2\/pages\/270"}],"collection":[{"href":"https:\/\/djvincent.westlocason.com\/index.php\/wp-json\/wp\/v2\/pages"}],"about":[{"href":"https:\/\/djvincent.westlocason.com\/index.php\/wp-json\/wp\/v2\/types\/page"}],"author":[{"embeddable":true,"href":"https:\/\/djvincent.westlocason.com\/index.php\/wp-json\/wp\/v2\/users\/1"}],"replies":[{"embeddable":true,"href":"https:\/\/djvincent.westlocason.com\/index.php\/wp-json\/wp\/v2\/comments?post=270"}],"version-history":[{"count":7,"href":"https:\/\/djvincent.westlocason.com\/index.php\/wp-json\/wp\/v2\/pages\/270\/revisions"}],"predecessor-version":[{"id":277,"href":"https:\/\/djvincent.westlocason.com\/index.php\/wp-json\/wp\/v2\/pages\/270\/revisions\/277"}],"wp:attachment":[{"href":"https:\/\/djvincent.westlocason.com\/index.php\/wp-json\/wp\/v2\/media?parent=270"}],"curies":[{"name":"wp","href":"https:\/\/api.w.org\/{rel}","templated":true}]}}